{"id":3005,"date":"2021-07-05T10:02:06","date_gmt":"2021-07-05T08:02:06","guid":{"rendered":"https:\/\/sporting-bettmeralp.ch\/familienzimmer-variante-3\/"},"modified":"2023-06-30T13:14:38","modified_gmt":"2023-06-30T11:14:38","slug":"chambre-familiale-option-3","status":"publish","type":"page","link":"https:\/\/www.sporting-bettmeralp.ch\/fr\/chambre-familiale-option-3\/","title":{"rendered":"Chambre familiale option 3"},"content":{"rendered":"<p>[et_pb_section fb_built=&#8221;1&#8243; _builder_version=&#8221;4.16&#8243; _module_preset=&#8221;default&#8221; background_color=&#8221;#F0F0F0&#8243; custom_padding=&#8221;60px||60px||false|false&#8221; global_colors_info=&#8221;{}&#8221;][et_pb_row _builder_version=&#8221;4.16&#8243; _module_preset=&#8221;default&#8221; custom_padding=&#8221;0px||0px||false|false&#8221; global_colors_info=&#8221;{}&#8221;][et_pb_column type=&#8221;4_4&#8243; _builder_version=&#8221;4.16&#8243; _module_preset=&#8221;default&#8221; global_colors_info=&#8221;{}&#8221;][et_pb_text _builder_version=&#8221;4.16&#8243; _module_preset=&#8221;default&#8221; text_text_color=&#8221;#FFFFFF&#8221; header_font=&#8221;Playfair Display||||||||&#8221; header_font_size=&#8221;42px&#8221; header_line_height=&#8221;46px&#8221; header_3_font=&#8221;Playfair Display||||||||&#8221; header_3_text_color=&#8221;#424242&#8243; header_3_font_size=&#8221;26px&#8221; custom_margin=&#8221;0px||10px||false|false&#8221; custom_padding=&#8221;0px||0px||false|false&#8221; global_colors_info=&#8221;{}&#8221;]<\/p>\n<h3 style=\"text-align: center;\">Chambre familiale option 3<\/h3>\n<p>[\/et_pb_text][et_pb_divider color=&#8221;#844E4E&#8221; divider_weight=&#8221;3px&#8221; _builder_version=&#8221;4.16&#8243; _module_preset=&#8221;default&#8221; max_width=&#8221;50px&#8221; module_alignment=&#8221;center&#8221; custom_margin=&#8221;0px|0px|0px|0px|false|false&#8221; custom_padding=&#8221;0px|0px|0px|0px|false|false&#8221; border_color_all=&#8221;rgba(0,0,0,0)&#8221; global_colors_info=&#8221;{}&#8221;][\/et_pb_divider][\/et_pb_column][\/et_pb_row][\/et_pb_section][et_pb_section fb_built=&#8221;1&#8243; _builder_version=&#8221;4.16&#8243; _module_preset=&#8221;default&#8221; custom_padding=&#8221;||||false|false&#8221; global_colors_info=&#8221;{}&#8221;][et_pb_row column_structure=&#8221;3_5,2_5&#8243; _builder_version=&#8221;4.16&#8243; _module_preset=&#8221;default&#8221; global_colors_info=&#8221;{}&#8221;][et_pb_column type=&#8221;3_5&#8243; _builder_version=&#8221;4.16&#8243; _module_preset=&#8221;default&#8221; global_colors_info=&#8221;{}&#8221;][et_pb_code _builder_version=&#8221;4.21.0&#8243; _module_preset=&#8221;default&#8221; hover_enabled=&#8221;0&#8243; global_colors_info=&#8221;{}&#8221; sticky_enabled=&#8221;0&#8243;][\/et_pb_code][et_pb_text _builder_version=&#8221;4.16&#8243; _module_preset=&#8221;default&#8221; header_3_font=&#8221;Playfair Display||||||||&#8221; global_colors_info=&#8221;{}&#8221;]<\/p>\n<h3>Description de la chambre<\/h3>\n<p>[\/et_pb_text][et_pb_divider color=&#8221;#844E4E&#8221; _builder_version=&#8221;4.16&#8243; _module_preset=&#8221;default&#8221; max_width=&#8221;50px&#8221; custom_margin=&#8221;0px||5px||false|false&#8221; global_colors_info=&#8221;{}&#8221;][\/et_pb_divider][et_pb_text _builder_version=&#8221;4.16&#8243; _module_preset=&#8221;default&#8221; custom_margin=&#8221;0px||0px||false|false&#8221; global_colors_info=&#8221;{}&#8221;]Chambre familiale pratique avec porte communicante. Chambre double reli\u00e9e \u00e0 une chambre double plus petite (lits superpos\u00e9s), pour 3 \u00e0 4 personnes \u00e0 l\u2019H\u00f4tel Garni Sporting.[\/et_pb_text][\/et_pb_column][et_pb_column type=&#8221;2_5&#8243; _builder_version=&#8221;4.16&#8243; _module_preset=&#8221;default&#8221; background_color=&#8221;#4D4D4D&#8221; custom_padding=&#8221;20px|20px|20px|20px|true|true&#8221; global_colors_info=&#8221;{}&#8221;][et_pb_text _builder_version=&#8221;4.16&#8243; _module_preset=&#8221;default&#8221; text_font=&#8221;Playfair Display||||||||&#8221; text_text_color=&#8221;#FFFFFF&#8221; text_font_size=&#8221;16px&#8221; header_3_font=&#8221;Playfair Display||||||||&#8221; header_3_text_color=&#8221;#FFFFFF&#8221; header_3_font_size=&#8221;44px&#8221; custom_padding=&#8221;20px||20px||true|false&#8221; global_colors_info=&#8221;{}&#8221;]<\/p>\n<p style=\"text-align: center;\">De<\/p>\n<h3 style=\"text-align: center;\">CHF 199<\/h3>\n<p style=\"text-align: center;\">Par nuit<\/p>\n<p>[\/et_pb_text][et_pb_text module_class=&#8221;searchrooms&#8221; _builder_version=&#8221;4.16&#8243; _module_preset=&#8221;default&#8221; text_text_color=&#8221;#FFFFFF&#8221; custom_margin=&#8221;||13px|||&#8221; global_colors_info=&#8221;{}&#8221;]<div class=\"mphb_sc_search-wrapper \"><form method=\"GET\" class=\"mphb_sc_search-form\" action=\"https:\/\/www.sporting-bettmeralp.ch\/fr\/suchergebnisse\/\">\n\n\t<p class = \"mphb-required-fields-tip\">\n\t<small>\n\t\tLes champs obligatoires sont suivis de\t\t<abbr title=\"required\">*<\/abbr>\n\t<\/small>\n<\/p>\n\t<p class=\"mphb_sc_search-check-in-date\">\n\t\t<label for=\"mphb_check_in_date-mphb-search-form-69e2fd569124e\">\n\t\t\tArriv\u00e9e\t\t\t<abbr title=\"Format\u00e9 comme dd\/mm\/yyyy\">*<\/abbr>\n\t\t<\/label>\n\t\t<br \/>\n\t\t<input\n\t\t\tid=\"mphb_check_in_date-mphb-search-form-69e2fd569124e\"\n\t\t\tdata-datepick-group=\"mphb-search-form-69e2fd569124e\"\n\t\t\tvalue=\"\"\n\t\t\tplaceholder=\"Date d&#039;arriv\u00e9e\"\n\t\t\trequired=\"required\"\n\t\t\ttype=\"text\"\n\t\t\tinputmode=\"none\"\n\t\t\tname=\"mphb_check_in_date\"\n\t\t\tclass=\"mphb-datepick\"\n\t\t\tautocomplete=\"off\"\n\t\t\t\/>\n\t<\/p>\n\n\t<p class=\"mphb_sc_search-check-out-date\">\n\t\t<label for=\"mphb_check_out_date-mphb-search-form-69e2fd569124e\">\n\t\t\tD\u00e9part\t\t\t<abbr title=\"Format\u00e9 comme dd\/mm\/yyyy\">*<\/abbr>\n\t\t<\/label>\n\t\t<br \/>\n\t\t<input\n\t\t\tid=\"mphb_check_out_date-mphb-search-form-69e2fd569124e\"\n\t\t\tdata-datepick-group=\"mphb-search-form-69e2fd569124e\"\n\t\t\tvalue=\"\"\n\t\t\tplaceholder=\"Date de d\u00e9part\"\n\t\t\trequired=\"required\"\n\t\t\ttype=\"text\"\n\t\t\tinputmode=\"none\"\n\t\t\tname=\"mphb_check_out_date\"\n\t\t\tclass=\"mphb-datepick\"\n\t\t\tautocomplete=\"off\"\n\t\t\t\/>\n\t<\/p>\n\n\t\t\t<p class=\"mphb_sc_search-adults\">\n\t\t\t<label for=\"mphb_adults-mphb-search-form-69e2fd569124e\">\n\t\t\t\tAdultes\t\t\t<\/label>\n\t\t\t<br \/>\n\t\t\t<select id=\"mphb_adults-mphb-search-form-69e2fd569124e\" name=\"mphb_adults\" >\n\t\t\t\t\t\t\t\t\t<option value=\"1\"  selected='selected'>1<\/option>\n\t\t\t\t\t\t\t\t\t<option value=\"2\" >2<\/option>\n\t\t\t\t\t\t\t\t\t<option value=\"3\" >3<\/option>\n\t\t\t\t\t\t\t\t\t<option value=\"4\" >4<\/option>\n\t\t\t\t\t\t\t\t\t<option value=\"5\" >5<\/option>\n\t\t\t\t\t\t\t<\/select>\n\t\t<\/p>\n\t\n\t\t\t<p class=\"mphb_sc_search-children\">\n\t\t\t<label for=\"mphb_children-mphb-search-form-69e2fd569124e\">\n\t\t\t\tEnfants\t\t\t<\/label>\n\t\t\t<br \/>\n\t\t\t<select id=\"mphb_children-mphb-search-form-69e2fd569124e\" name=\"mphb_children\">\n\t\t\t\t\t\t\t\t\t<option value=\"0\"  selected='selected'>0<\/option>\n\t\t\t\t\t\t\t\t\t<option value=\"1\" >1<\/option>\n\t\t\t\t\t\t\t\t\t<option value=\"2\" >2<\/option>\n\t\t\t\t\t\t\t\t\t<option value=\"3\" >3<\/option>\n\t\t\t\t\t\t\t\t\t<option value=\"4\" >4<\/option>\n\t\t\t\t\t\t\t\t\t<option value=\"5\" >5<\/option>\n\t\t\t\t\t\t\t<\/select>\n\t\t<\/p>\n\t\n\t\n\t\n\t<input id=\"mphb_check_in_date-mphb-search-form-69e2fd569124e-hidden\" value=\"\" type=\"hidden\" name=\"mphb_check_in_date\" \/><input id=\"mphb_check_out_date-mphb-search-form-69e2fd569124e-hidden\" value=\"\" type=\"hidden\" name=\"mphb_check_out_date\" \/>\n\t<p class=\"mphb_sc_search-submit-button-wrapper\">\n\t\t<input type=\"submit\" class=\"button\" value=\"Chercher\"\/>\n\t<\/p>\n\n\t\n<\/form>\n<\/div>[\/et_pb_text][et_pb_button button_url=&#8221;@ET-DC@eyJkeW5hbWljIjp0cnVlLCJjb250ZW50IjoicG9zdF9saW5rX3VybF9wYWdlIiwic2V0dGluZ3MiOnsicG9zdF9pZCI6IjI0ODUifX0=@&#8221; button_text=&#8221;Demande&#8221; button_alignment=&#8221;center&#8221; module_class=&#8221;anfragebutton&#8221; _builder_version=&#8221;4.16&#8243; _dynamic_attributes=&#8221;button_url&#8221; _module_preset=&#8221;default&#8221; custom_button=&#8221;on&#8221; button_text_size=&#8221;13px&#8221; button_text_color=&#8221;#FFFFFF&#8221; button_bg_color=&#8221;#844E4E&#8221; button_border_width=&#8221;0px&#8221; button_border_radius=&#8221;0px&#8221; button_use_icon=&#8221;off&#8221; custom_margin=&#8221;||14px|||&#8221; hover_transition_duration=&#8221;0ms&#8221; global_colors_info=&#8221;{}&#8221;][\/et_pb_button][\/et_pb_column][\/et_pb_row][et_pb_row column_structure=&#8221;3_5,2_5&#8243; _builder_version=&#8221;4.16&#8243; _module_preset=&#8221;default&#8221; global_colors_info=&#8221;{}&#8221;][et_pb_column type=&#8221;3_5&#8243; _builder_version=&#8221;4.16&#8243; _module_preset=&#8221;default&#8221; global_colors_info=&#8221;{}&#8221;][et_pb_text _builder_version=&#8221;4.16&#8243; _module_preset=&#8221;default&#8221; global_colors_info=&#8221;{}&#8221;]<\/p>\n<h5>Pr\u00e9sentation de la chambre<\/h5>\n<p>Chambre familiale | Douche | WC | 3-4 personnes | Wi-Fi | Console | 28m2 | Petit d\u00e9jeuner | TV par satellite | Balcon | S\u00e8che-cheveux | Radio<\/p>\n<h5>Prix des chambres<\/h5>\n<p>Prix de l\u2019\u00e9t\u00e9: 199CHF<br \/>Prix de l\u2019hiver: 239CHF<\/p>\n<p>[\/et_pb_text][\/et_pb_column][et_pb_column type=&#8221;2_5&#8243; _builder_version=&#8221;4.16&#8243; _module_preset=&#8221;default&#8221; background_color=&#8221;rgba(0,0,0,0)&#8221; custom_padding=&#8221;||||false|false&#8221; global_colors_info=&#8221;{}&#8221;][et_pb_text _builder_version=&#8221;4.16&#8243; _module_preset=&#8221;default&#8221; global_colors_info=&#8221;{}&#8221;]<\/p>\n<h3>R\u00e9servations directes<\/h3>\n<p>Hotel Garni Sporting, 3992 Bettmeralp, Schweiz<\/p>\n<p>027 927 22 52<\/p>\n<p><a href=\"mailto:sporting@bettmeralp.ch\">sporting@bettmeralp.ch<\/a><\/p>\n<p>[\/et_pb_text][\/et_pb_column][\/et_pb_row][\/et_pb_section]<\/p>\n","protected":false},"excerpt":{"rendered":"<p>Chambre familiale option 3Description de la chambreChambre familiale pratique avec porte communicante. Chambre double reli\u00e9e \u00e0 une chambre double plus petite (lits superpos\u00e9s), pour 3 \u00e0 4 personnes \u00e0 l\u2019H\u00f4tel Garni Sporting.De CHF 199 Par nuit<div class=\"mphb_sc_search-wrapper \"><form method=\"GET\" class=\"mphb_sc_search-form\" action=\"https:\/\/www.sporting-bettmeralp.ch\/fr\/suchergebnisse\/\">\n\n\t<p class = \"mphb-required-fields-tip\">\n\t<small>\n\t\tLes champs obligatoires sont suivis de\t\t<abbr title=\"required\">*<\/abbr>\n\t<\/small>\n<\/p>\n\t<p class=\"mphb_sc_search-check-in-date\">\n\t\t<label for=\"mphb_check_in_date-mphb-search-form-69e2fd56a0ef5\">\n\t\t\tArriv\u00e9e\t\t\t<abbr title=\"Format\u00e9 comme dd\/mm\/yyyy\">*<\/abbr>\n\t\t<\/label>\n\t\t<br \/>\n\t\t<input\n\t\t\tid=\"mphb_check_in_date-mphb-search-form-69e2fd56a0ef5\"\n\t\t\tdata-datepick-group=\"mphb-search-form-69e2fd56a0ef5\"\n\t\t\tvalue=\"\"\n\t\t\tplaceholder=\"Date d&#039;arriv\u00e9e\"\n\t\t\trequired=\"required\"\n\t\t\ttype=\"text\"\n\t\t\tinputmode=\"none\"\n\t\t\tname=\"mphb_check_in_date\"\n\t\t\tclass=\"mphb-datepick\"\n\t\t\tautocomplete=\"off\"\n\t\t\t\/>\n\t<\/p>\n\n\t<p class=\"mphb_sc_search-check-out-date\">\n\t\t<label for=\"mphb_check_out_date-mphb-search-form-69e2fd56a0ef5\">\n\t\t\tD\u00e9part\t\t\t<abbr title=\"Format\u00e9 comme dd\/mm\/yyyy\">*<\/abbr>\n\t\t<\/label>\n\t\t<br \/>\n\t\t<input\n\t\t\tid=\"mphb_check_out_date-mphb-search-form-69e2fd56a0ef5\"\n\t\t\tdata-datepick-group=\"mphb-search-form-69e2fd56a0ef5\"\n\t\t\tvalue=\"\"\n\t\t\tplaceholder=\"Date de d\u00e9part\"\n\t\t\trequired=\"required\"\n\t\t\ttype=\"text\"\n\t\t\tinputmode=\"none\"\n\t\t\tname=\"mphb_check_out_date\"\n\t\t\tclass=\"mphb-datepick\"\n\t\t\tautocomplete=\"off\"\n\t\t\t\/>\n\t<\/p>\n\n\t\t\t<p class=\"mphb_sc_search-adults\">\n\t\t\t<label for=\"mphb_adults-mphb-search-form-69e2fd56a0ef5\">\n\t\t\t\tAdultes\t\t\t<\/label>\n\t\t\t<br \/>\n\t\t\t<select id=\"mphb_adults-mphb-search-form-69e2fd56a0ef5\" name=\"mphb_adults\" >\n\t\t\t\t\t\t\t\t\t<option value=\"1\"  selected='selected'>1<\/option>\n\t\t\t\t\t\t\t\t\t<option value=\"2\" >2<\/option>\n\t\t\t\t\t\t\t\t\t<option value=\"3\" >3<\/option>\n\t\t\t\t\t\t\t\t\t<option value=\"4\" >4<\/option>\n\t\t\t\t\t\t\t\t\t<option value=\"5\" >5<\/option>\n\t\t\t\t\t\t\t<\/select>\n\t\t<\/p>\n\t\n\t\t\t<p class=\"mphb_sc_search-children\">\n\t\t\t<label for=\"mphb_children-mphb-search-form-69e2fd56a0ef5\">\n\t\t\t\tEnfants\t\t\t<\/label>\n\t\t\t<br \/>\n\t\t\t<select id=\"mphb_children-mphb-search-form-69e2fd56a0ef5\" name=\"mphb_children\">\n\t\t\t\t\t\t\t\t\t<option value=\"0\"  selected='selected'>0<\/option>\n\t\t\t\t\t\t\t\t\t<option value=\"1\" >1<\/option>\n\t\t\t\t\t\t\t\t\t<option value=\"2\" >2<\/option>\n\t\t\t\t\t\t\t\t\t<option value=\"3\" >3<\/option>\n\t\t\t\t\t\t\t\t\t<option value=\"4\" >4<\/option>\n\t\t\t\t\t\t\t\t\t<option value=\"5\" >5<\/option>\n\t\t\t\t\t\t\t<\/select>\n\t\t<\/p>\n\t\n\t\n\t\n\t<input id=\"mphb_check_in_date-mphb-search-form-69e2fd56a0ef5-hidden\" value=\"\" type=\"hidden\" name=\"mphb_check_in_date\" \/><input id=\"mphb_check_out_date-mphb-search-form-69e2fd56a0ef5-hidden\" value=\"\" type=\"hidden\" name=\"mphb_check_out_date\" \/>\n\t<p class=\"mphb_sc_search-submit-button-wrapper\">\n\t\t<input type=\"submit\" class=\"button\" value=\"Chercher\"\/>\n\t<\/p>\n\n\t\n<\/form>\n<\/div>Pr\u00e9sentation de la chambre Chambre familiale | Douche | WC | 3-4 personnes | Wi-Fi | Console | 28m2 [&hellip;]<\/p>\n","protected":false},"author":1,"featured_media":0,"parent":0,"menu_order":0,"comment_status":"closed","ping_status":"closed","template":"","meta":{"_acf_changed":false,"_et_pb_use_builder":"on","_et_pb_old_content":"","_et_gb_content_width":"","footnotes":""},"class_list":["post-3005","page","type-page","status-publish","hentry"],"acf":[],"yoast_head":"<!-- This site is optimized with the Yoast SEO plugin v27.3 - https:\/\/yoast.com\/product\/yoast-seo-wordpress\/ -->\n<title>Chambre familiale option 3 - HOTEL Garni SPORTING<\/title>\n<meta name=\"robots\" content=\"index, follow, max-snippet:-1, max-image-preview:large, max-video-preview:-1\" \/>\n<link rel=\"canonical\" href=\"https:\/\/www.sporting-bettmeralp.ch\/familienzimmer-variante-3\/\" \/>\n<meta property=\"og:locale\" content=\"fr_FR\" \/>\n<meta property=\"og:type\" content=\"article\" \/>\n<meta property=\"og:title\" content=\"Chambre familiale option 3 - HOTEL Garni SPORTING\" \/>\n<meta property=\"og:description\" content=\"Chambre familiale option 3Description de la chambreChambre familiale pratique avec porte communicante. Chambre double reli\u00e9e \u00e0 une chambre double plus petite (lits superpos\u00e9s), pour 3 \u00e0 4 personnes \u00e0 l\u2019H\u00f4tel Garni Sporting.De CHF 199 Par nuitPr\u00e9sentation de la chambre Chambre familiale | Douche | WC | 3-4 personnes | Wi-Fi | Console | 28m2 [&hellip;]\" \/>\n<meta property=\"og:url\" content=\"https:\/\/www.sporting-bettmeralp.ch\/familienzimmer-variante-3\/\" \/>\n<meta property=\"og:site_name\" content=\"HOTEL Garni SPORTING\" \/>\n<meta property=\"article:modified_time\" content=\"2023-06-30T11:14:38+00:00\" \/>\n<meta name=\"twitter:card\" content=\"summary_large_image\" \/>\n<meta name=\"twitter:label1\" content=\"Dur\u00e9e de lecture estim\u00e9e\" \/>\n\t<meta name=\"twitter:data1\" content=\"3 minutes\" \/>\n<script type=\"application\/ld+json\" class=\"yoast-schema-graph\">{\"@context\":\"https:\\\/\\\/schema.org\",\"@graph\":[{\"@type\":\"WebPage\",\"@id\":\"https:\\\/\\\/www.sporting-bettmeralp.ch\\\/familienzimmer-variante-3\\\/\",\"url\":\"https:\\\/\\\/www.sporting-bettmeralp.ch\\\/familienzimmer-variante-3\\\/\",\"name\":\"Chambre familiale option 3 - HOTEL Garni SPORTING\",\"isPartOf\":{\"@id\":\"https:\\\/\\\/www.sporting-bettmeralp.ch\\\/#website\"},\"datePublished\":\"2021-07-05T08:02:06+00:00\",\"dateModified\":\"2023-06-30T11:14:38+00:00\",\"breadcrumb\":{\"@id\":\"https:\\\/\\\/www.sporting-bettmeralp.ch\\\/familienzimmer-variante-3\\\/#breadcrumb\"},\"inLanguage\":\"fr-FR\",\"potentialAction\":[{\"@type\":\"ReadAction\",\"target\":[\"https:\\\/\\\/www.sporting-bettmeralp.ch\\\/familienzimmer-variante-3\\\/\"]}]},{\"@type\":\"BreadcrumbList\",\"@id\":\"https:\\\/\\\/www.sporting-bettmeralp.ch\\\/familienzimmer-variante-3\\\/#breadcrumb\",\"itemListElement\":[{\"@type\":\"ListItem\",\"position\":1,\"name\":\"Home\",\"item\":\"https:\\\/\\\/www.sporting-bettmeralp.ch\\\/\"},{\"@type\":\"ListItem\",\"position\":2,\"name\":\"Chambre familiale option 3\"}]},{\"@type\":\"WebSite\",\"@id\":\"https:\\\/\\\/www.sporting-bettmeralp.ch\\\/#website\",\"url\":\"https:\\\/\\\/www.sporting-bettmeralp.ch\\\/\",\"name\":\"HOTEL Garni SPORTING\",\"description\":\"[:en]Family Hotel[:de]Familienhotel[:fr]H\u00f4tel Familial[:it]Hotel per famiglie[:]\",\"potentialAction\":[{\"@type\":\"SearchAction\",\"target\":{\"@type\":\"EntryPoint\",\"urlTemplate\":\"https:\\\/\\\/www.sporting-bettmeralp.ch\\\/?s={search_term_string}\"},\"query-input\":{\"@type\":\"PropertyValueSpecification\",\"valueRequired\":true,\"valueName\":\"search_term_string\"}}],\"inLanguage\":\"fr-FR\"}]}<\/script>\n<!-- \/ Yoast SEO plugin. -->","yoast_head_json":{"title":"Chambre familiale option 3 - HOTEL Garni SPORTING","robots":{"index":"index","follow":"follow","max-snippet":"max-snippet:-1","max-image-preview":"max-image-preview:large","max-video-preview":"max-video-preview:-1"},"canonical":"https:\/\/www.sporting-bettmeralp.ch\/familienzimmer-variante-3\/","og_locale":"fr_FR","og_type":"article","og_title":"Chambre familiale option 3 - HOTEL Garni SPORTING","og_description":"Chambre familiale option 3Description de la chambreChambre familiale pratique avec porte communicante. Chambre double reli\u00e9e \u00e0 une chambre double plus petite (lits superpos\u00e9s), pour 3 \u00e0 4 personnes \u00e0 l\u2019H\u00f4tel Garni Sporting.De CHF 199 Par nuitPr\u00e9sentation de la chambre Chambre familiale | Douche | WC | 3-4 personnes | Wi-Fi | Console | 28m2 [&hellip;]","og_url":"https:\/\/www.sporting-bettmeralp.ch\/familienzimmer-variante-3\/","og_site_name":"HOTEL Garni SPORTING","article_modified_time":"2023-06-30T11:14:38+00:00","twitter_card":"summary_large_image","twitter_misc":{"Dur\u00e9e de lecture estim\u00e9e":"3 minutes"},"schema":{"@context":"https:\/\/schema.org","@graph":[{"@type":"WebPage","@id":"https:\/\/www.sporting-bettmeralp.ch\/familienzimmer-variante-3\/","url":"https:\/\/www.sporting-bettmeralp.ch\/familienzimmer-variante-3\/","name":"Chambre familiale option 3 - HOTEL Garni SPORTING","isPartOf":{"@id":"https:\/\/www.sporting-bettmeralp.ch\/#website"},"datePublished":"2021-07-05T08:02:06+00:00","dateModified":"2023-06-30T11:14:38+00:00","breadcrumb":{"@id":"https:\/\/www.sporting-bettmeralp.ch\/familienzimmer-variante-3\/#breadcrumb"},"inLanguage":"fr-FR","potentialAction":[{"@type":"ReadAction","target":["https:\/\/www.sporting-bettmeralp.ch\/familienzimmer-variante-3\/"]}]},{"@type":"BreadcrumbList","@id":"https:\/\/www.sporting-bettmeralp.ch\/familienzimmer-variante-3\/#breadcrumb","itemListElement":[{"@type":"ListItem","position":1,"name":"Home","item":"https:\/\/www.sporting-bettmeralp.ch\/"},{"@type":"ListItem","position":2,"name":"Chambre familiale option 3"}]},{"@type":"WebSite","@id":"https:\/\/www.sporting-bettmeralp.ch\/#website","url":"https:\/\/www.sporting-bettmeralp.ch\/","name":"HOTEL Garni SPORTING","description":"[:en]Family Hotel[:de]Familienhotel[:fr]H\u00f4tel Familial[:it]Hotel per famiglie[:]","potentialAction":[{"@type":"SearchAction","target":{"@type":"EntryPoint","urlTemplate":"https:\/\/www.sporting-bettmeralp.ch\/?s={search_term_string}"},"query-input":{"@type":"PropertyValueSpecification","valueRequired":true,"valueName":"search_term_string"}}],"inLanguage":"fr-FR"}]}},"_links":{"self":[{"href":"https:\/\/www.sporting-bettmeralp.ch\/fr\/wp-json\/wp\/v2\/pages\/3005","targetHints":{"allow":["GET"]}}],"collection":[{"href":"https:\/\/www.sporting-bettmeralp.ch\/fr\/wp-json\/wp\/v2\/pages"}],"about":[{"href":"https:\/\/www.sporting-bettmeralp.ch\/fr\/wp-json\/wp\/v2\/types\/page"}],"author":[{"embeddable":true,"href":"https:\/\/www.sporting-bettmeralp.ch\/fr\/wp-json\/wp\/v2\/users\/1"}],"replies":[{"embeddable":true,"href":"https:\/\/www.sporting-bettmeralp.ch\/fr\/wp-json\/wp\/v2\/comments?post=3005"}],"version-history":[{"count":3,"href":"https:\/\/www.sporting-bettmeralp.ch\/fr\/wp-json\/wp\/v2\/pages\/3005\/revisions"}],"predecessor-version":[{"id":3671,"href":"https:\/\/www.sporting-bettmeralp.ch\/fr\/wp-json\/wp\/v2\/pages\/3005\/revisions\/3671"}],"wp:attachment":[{"href":"https:\/\/www.sporting-bettmeralp.ch\/fr\/wp-json\/wp\/v2\/media?parent=3005"}],"curies":[{"name":"wp","href":"https:\/\/api.w.org\/{rel}","templated":true}]}}