{"id":3244,"date":"2021-07-08T16:40:04","date_gmt":"2021-07-08T14:40:04","guid":{"rendered":"https:\/\/sporting-bettmeralp.ch\/agbs\/"},"modified":"2021-07-08T16:50:24","modified_gmt":"2021-07-08T14:50:24","slug":"agbs","status":"publish","type":"page","link":"https:\/\/www.sporting-bettmeralp.ch\/fr\/agbs\/","title":{"rendered":"AGBs"},"content":{"rendered":"<p>[et_pb_section fb_built=&#8221;1&#8243; _builder_version=&#8221;4.6.5&#8243; _module_preset=&#8221;default&#8221; background_color=&#8221;#F0F0F0&#8243; custom_padding=&#8221;60px||60px||false|false&#8221;][et_pb_row _builder_version=&#8221;4.6.5&#8243; _module_preset=&#8221;default&#8221; custom_padding=&#8221;0px||0px||false|false&#8221;][et_pb_column type=&#8221;4_4&#8243; _builder_version=&#8221;4.6.5&#8243; _module_preset=&#8221;default&#8221;][et_pb_text _builder_version=&#8221;4.6.5&#8243; _module_preset=&#8221;default&#8221; text_text_color=&#8221;#FFFFFF&#8221; header_font=&#8221;Playfair Display||||||||&#8221; header_font_size=&#8221;42px&#8221; header_line_height=&#8221;46px&#8221; header_3_font=&#8221;Playfair Display||||||||&#8221; header_3_text_color=&#8221;#424242&#8243; header_3_font_size=&#8221;26px&#8221; custom_margin=&#8221;0px||10px||false|false&#8221; custom_padding=&#8221;0px||0px||false|false&#8221; hover_enabled=&#8221;0&#8243; sticky_enabled=&#8221;0&#8243;]<\/p>\n<h3 style=\"text-align: center;\">Conditions contractuelles \/ OAG<\/h3>\n<p>[\/et_pb_text][et_pb_divider color=&#8221;#844E4E&#8221; divider_weight=&#8221;3px&#8221; _builder_version=&#8221;4.6.5&#8243; _module_preset=&#8221;default&#8221; max_width=&#8221;50px&#8221; module_alignment=&#8221;center&#8221; custom_margin=&#8221;0px|0px|0px|0px|false|false&#8221; custom_padding=&#8221;0px|0px|0px|0px|false|false&#8221; border_color_all=&#8221;rgba(0,0,0,0)&#8221;][\/et_pb_divider][\/et_pb_column][\/et_pb_row][\/et_pb_section][et_pb_section fb_built=&#8221;1&#8243; _builder_version=&#8221;4.6.5&#8243; _module_preset=&#8221;default&#8221; custom_padding=&#8221;||||false|false&#8221;][et_pb_row _builder_version=&#8221;4.6.5&#8243; _module_preset=&#8221;default&#8221;][et_pb_column type=&#8221;4_4&#8243; _builder_version=&#8221;4.6.5&#8243; _module_preset=&#8221;default&#8221;][et_pb_text _builder_version=&#8221;4.6.5&#8243; _module_preset=&#8221;default&#8221; header_3_font=&#8221;Playfair Display||||||||&#8221; hover_enabled=&#8221;0&#8243; sticky_enabled=&#8221;0&#8243;]<\/p>\n<h3>1. conclusion du contrat<\/h3>\n<p>Le contrat entre vous en tant que client et l\u2019h\u00f4tel Garni SPORTING entre en vigueur avec la confirmation \u00e9crite de la r\u00e9servation, qu\u2019elle soit re\u00e7ue par lettre ou par e-mail. Les services dus sont bas\u00e9s sur la description figurant dans la confirmation, la brochure et le site web.<\/p>\n<h3>2. les prix<\/h3>\n<p>Les prix en francs suisses (CHF) sont obligatoires.<\/p>\n<h3>3. les modalit\u00e9s de paiement<\/h3>\n<p>Caution\/garantie : La caution convenue doit \u00eatre vers\u00e9e dans les 30 jours suivant la confirmation, sauf si vous avez fourni en garantie un num\u00e9ro de carte de cr\u00e9dit Visa ou Mastercard et sa date d\u2019expiration. La carte de cr\u00e9dit ne sera pas d\u00e9bit\u00e9e \u00e0 l\u2019avance, mais uniquement en cas d\u2019annulation conform\u00e9ment au point 4.<\/p>\n<p>Si aucun acompte n\u2019est vers\u00e9 dans le mois suivant la r\u00e9ception de la r\u00e9servation, l\u2019h\u00f4tel est en droit d\u2019annuler le contrat et de facturer des frais d\u2019annulation conform\u00e9ment au point 4.<br \/> D\u00e9compte final : Les frais de l\u2019ensemble du s\u00e9jour doivent \u00eatre pay\u00e9s au plus tard le jour du d\u00e9part.<\/p>\n<h3>4. modifications et annulations<\/h3>\n<p>Si vous devez annuler une r\u00e9servation, informez imm\u00e9diatement l\u2019h\u00f4tel par \u00e9crit. Les frais d\u2019annulation suivants doivent \u00eatre factur\u00e9s :<\/p>\n<div class=\"vc_tta-panel-body\">\n<div class=\"wpb_text_column wpb_content_element \">\n<div class=\"wpb_wrapper\">\n<p><span class=\"VIiyi\" lang=\"fr\"><span class=\"JLqJ4b ChMk0b\" data-language-for-alternatives=\"fr\" data-language-to-translate-into=\"auto\" data-phrase-index=\"0\">Si vous annulez jusqu\u2019\u00e0 60 jours avant le d\u00e9part, aucun frais d\u2019annulation ne sera factur\u00e9.<\/span> <span class=\"JLqJ4b ChMk0b\" data-language-for-alternatives=\"fr\" data-language-to-translate-into=\"auto\" data-phrase-index=\"1\">En cas d\u2019annulation \u00e0 court terme ou de d\u00e9part anticip\u00e9, 100% de l\u2019arrangement sera factur\u00e9 si la chambre ne peut pas \u00eatre relou\u00e9e.<\/span> <span class=\"JLqJ4b ChMk0b\" data-language-for-alternatives=\"fr\" data-language-to-translate-into=\"auto\" data-phrase-index=\"3\">Nous vous recommandons de souscrire une assurance annulation de voyage (ELVIA).<\/span><\/span><\/p>\n<\/div>\n<\/div>\n<\/div>\n<p>Nous vous recommandons de souscrire une assurance annulation de voyage afin de vous faire rembourser vos frais.<\/p>\n<p>Si vous \u00eates dans l\u2019impossibilit\u00e9 d\u2019y assister mais que vous pouvez nommer une personne de remplacement, vous n\u2019aurez pas de frais suppl\u00e9mentaires. Si la chambre r\u00e9serv\u00e9e n\u2019est pas disponible, que ce soit en raison d\u2019une faute de l\u2019h\u00f4tel ou d\u2019un cas de force majeure, l\u2019h\u00f4tel paiera, si possible, un logement \u00e9quivalent jusqu\u2019\u00e0 ce que vous puissiez emm\u00e9nager dans votre chambre r\u00e9serv\u00e9e.<\/p>\n<h3>5. les plaintes<\/h3>\n<p>En cas de plainte, veuillez informer imm\u00e9diatement l\u2019h\u00f4tel afin que les d\u00e9fauts \u00e9ventuels soient corrig\u00e9s.<\/p>\n<p>Le droit suisse est applicable. Le lieu de juridiction exclusif est \u2026., en Suisse.<\/p>\n<p>[\/et_pb_text][\/et_pb_column][\/et_pb_row][\/et_pb_section]<\/p>\n","protected":false},"excerpt":{"rendered":"<p>Conditions contractuelles \/ OAG1. conclusion du contrat Le contrat entre vous en tant que client et l\u2019h\u00f4tel Garni SPORTING entre en vigueur avec la confirmation \u00e9crite de la r\u00e9servation, qu\u2019elle soit re\u00e7ue par lettre ou par e-mail. Les services dus sont bas\u00e9s sur la description figurant dans la confirmation, la brochure et le site web. [&hellip;]<\/p>\n","protected":false},"author":1,"featured_media":0,"parent":0,"menu_order":0,"comment_status":"closed","ping_status":"closed","template":"","meta":{"_acf_changed":false,"_et_pb_use_builder":"on","_et_pb_old_content":"","_et_gb_content_width":"","footnotes":""},"class_list":["post-3244","page","type-page","status-publish","hentry"],"acf":[],"yoast_head":"<!-- This site is optimized with the Yoast SEO plugin v27.3 - https:\/\/yoast.com\/product\/yoast-seo-wordpress\/ -->\n<title>AGBs - HOTEL Garni SPORTING<\/title>\n<meta name=\"robots\" content=\"index, follow, max-snippet:-1, max-image-preview:large, max-video-preview:-1\" \/>\n<link rel=\"canonical\" href=\"https:\/\/www.sporting-bettmeralp.ch\/fr\/agbs\/\" \/>\n<meta property=\"og:locale\" content=\"fr_FR\" \/>\n<meta property=\"og:type\" content=\"article\" \/>\n<meta property=\"og:title\" content=\"AGBs - HOTEL Garni SPORTING\" \/>\n<meta property=\"og:description\" content=\"Conditions contractuelles \/ OAG1. conclusion du contrat Le contrat entre vous en tant que client et l\u2019h\u00f4tel Garni SPORTING entre en vigueur avec la confirmation \u00e9crite de la r\u00e9servation, qu\u2019elle soit re\u00e7ue par lettre ou par e-mail. Les services dus sont bas\u00e9s sur la description figurant dans la confirmation, la brochure et le site web. [&hellip;]\" \/>\n<meta property=\"og:url\" content=\"https:\/\/www.sporting-bettmeralp.ch\/fr\/agbs\/\" \/>\n<meta property=\"og:site_name\" content=\"HOTEL Garni SPORTING\" \/>\n<meta property=\"article:modified_time\" content=\"2021-07-08T14:50:24+00:00\" \/>\n<meta name=\"twitter:card\" content=\"summary_large_image\" \/>\n<meta name=\"twitter:label1\" content=\"Dur\u00e9e de lecture estim\u00e9e\" \/>\n\t<meta name=\"twitter:data1\" content=\"3 minutes\" \/>\n<script type=\"application\/ld+json\" class=\"yoast-schema-graph\">{\"@context\":\"https:\\\/\\\/schema.org\",\"@graph\":[{\"@type\":\"WebPage\",\"@id\":\"https:\\\/\\\/www.sporting-bettmeralp.ch\\\/fr\\\/agbs\\\/\",\"url\":\"https:\\\/\\\/www.sporting-bettmeralp.ch\\\/fr\\\/agbs\\\/\",\"name\":\"AGBs - HOTEL Garni SPORTING\",\"isPartOf\":{\"@id\":\"https:\\\/\\\/www.sporting-bettmeralp.ch\\\/#website\"},\"datePublished\":\"2021-07-08T14:40:04+00:00\",\"dateModified\":\"2021-07-08T14:50:24+00:00\",\"breadcrumb\":{\"@id\":\"https:\\\/\\\/www.sporting-bettmeralp.ch\\\/fr\\\/agbs\\\/#breadcrumb\"},\"inLanguage\":\"fr-FR\",\"potentialAction\":[{\"@type\":\"ReadAction\",\"target\":[\"https:\\\/\\\/www.sporting-bettmeralp.ch\\\/fr\\\/agbs\\\/\"]}]},{\"@type\":\"BreadcrumbList\",\"@id\":\"https:\\\/\\\/www.sporting-bettmeralp.ch\\\/fr\\\/agbs\\\/#breadcrumb\",\"itemListElement\":[{\"@type\":\"ListItem\",\"position\":1,\"name\":\"Home\",\"item\":\"https:\\\/\\\/www.sporting-bettmeralp.ch\\\/\"},{\"@type\":\"ListItem\",\"position\":2,\"name\":\"AGBs\"}]},{\"@type\":\"WebSite\",\"@id\":\"https:\\\/\\\/www.sporting-bettmeralp.ch\\\/#website\",\"url\":\"https:\\\/\\\/www.sporting-bettmeralp.ch\\\/\",\"name\":\"HOTEL Garni SPORTING\",\"description\":\"[:en]Family Hotel[:de]Familienhotel[:fr]H\u00f4tel Familial[:it]Hotel per famiglie[:]\",\"potentialAction\":[{\"@type\":\"SearchAction\",\"target\":{\"@type\":\"EntryPoint\",\"urlTemplate\":\"https:\\\/\\\/www.sporting-bettmeralp.ch\\\/?s={search_term_string}\"},\"query-input\":{\"@type\":\"PropertyValueSpecification\",\"valueRequired\":true,\"valueName\":\"search_term_string\"}}],\"inLanguage\":\"fr-FR\"}]}<\/script>\n<!-- \/ Yoast SEO plugin. -->","yoast_head_json":{"title":"AGBs - HOTEL Garni SPORTING","robots":{"index":"index","follow":"follow","max-snippet":"max-snippet:-1","max-image-preview":"max-image-preview:large","max-video-preview":"max-video-preview:-1"},"canonical":"https:\/\/www.sporting-bettmeralp.ch\/fr\/agbs\/","og_locale":"fr_FR","og_type":"article","og_title":"AGBs - HOTEL Garni SPORTING","og_description":"Conditions contractuelles \/ OAG1. conclusion du contrat Le contrat entre vous en tant que client et l\u2019h\u00f4tel Garni SPORTING entre en vigueur avec la confirmation \u00e9crite de la r\u00e9servation, qu\u2019elle soit re\u00e7ue par lettre ou par e-mail. Les services dus sont bas\u00e9s sur la description figurant dans la confirmation, la brochure et le site web. [&hellip;]","og_url":"https:\/\/www.sporting-bettmeralp.ch\/fr\/agbs\/","og_site_name":"HOTEL Garni SPORTING","article_modified_time":"2021-07-08T14:50:24+00:00","twitter_card":"summary_large_image","twitter_misc":{"Dur\u00e9e de lecture estim\u00e9e":"3 minutes"},"schema":{"@context":"https:\/\/schema.org","@graph":[{"@type":"WebPage","@id":"https:\/\/www.sporting-bettmeralp.ch\/fr\/agbs\/","url":"https:\/\/www.sporting-bettmeralp.ch\/fr\/agbs\/","name":"AGBs - HOTEL Garni SPORTING","isPartOf":{"@id":"https:\/\/www.sporting-bettmeralp.ch\/#website"},"datePublished":"2021-07-08T14:40:04+00:00","dateModified":"2021-07-08T14:50:24+00:00","breadcrumb":{"@id":"https:\/\/www.sporting-bettmeralp.ch\/fr\/agbs\/#breadcrumb"},"inLanguage":"fr-FR","potentialAction":[{"@type":"ReadAction","target":["https:\/\/www.sporting-bettmeralp.ch\/fr\/agbs\/"]}]},{"@type":"BreadcrumbList","@id":"https:\/\/www.sporting-bettmeralp.ch\/fr\/agbs\/#breadcrumb","itemListElement":[{"@type":"ListItem","position":1,"name":"Home","item":"https:\/\/www.sporting-bettmeralp.ch\/"},{"@type":"ListItem","position":2,"name":"AGBs"}]},{"@type":"WebSite","@id":"https:\/\/www.sporting-bettmeralp.ch\/#website","url":"https:\/\/www.sporting-bettmeralp.ch\/","name":"HOTEL Garni SPORTING","description":"[:en]Family Hotel[:de]Familienhotel[:fr]H\u00f4tel Familial[:it]Hotel per famiglie[:]","potentialAction":[{"@type":"SearchAction","target":{"@type":"EntryPoint","urlTemplate":"https:\/\/www.sporting-bettmeralp.ch\/?s={search_term_string}"},"query-input":{"@type":"PropertyValueSpecification","valueRequired":true,"valueName":"search_term_string"}}],"inLanguage":"fr-FR"}]}},"_links":{"self":[{"href":"https:\/\/www.sporting-bettmeralp.ch\/fr\/wp-json\/wp\/v2\/pages\/3244","targetHints":{"allow":["GET"]}}],"collection":[{"href":"https:\/\/www.sporting-bettmeralp.ch\/fr\/wp-json\/wp\/v2\/pages"}],"about":[{"href":"https:\/\/www.sporting-bettmeralp.ch\/fr\/wp-json\/wp\/v2\/types\/page"}],"author":[{"embeddable":true,"href":"https:\/\/www.sporting-bettmeralp.ch\/fr\/wp-json\/wp\/v2\/users\/1"}],"replies":[{"embeddable":true,"href":"https:\/\/www.sporting-bettmeralp.ch\/fr\/wp-json\/wp\/v2\/comments?post=3244"}],"version-history":[{"count":2,"href":"https:\/\/www.sporting-bettmeralp.ch\/fr\/wp-json\/wp\/v2\/pages\/3244\/revisions"}],"predecessor-version":[{"id":3252,"href":"https:\/\/www.sporting-bettmeralp.ch\/fr\/wp-json\/wp\/v2\/pages\/3244\/revisions\/3252"}],"wp:attachment":[{"href":"https:\/\/www.sporting-bettmeralp.ch\/fr\/wp-json\/wp\/v2\/media?parent=3244"}],"curies":[{"name":"wp","href":"https:\/\/api.w.org\/{rel}","templated":true}]}}